{"id":5,"date":"2017-08-11T18:17:15","date_gmt":"2017-08-11T16:17:15","guid":{"rendered":"http:\/\/www.jd-gabrielli.com\/?page_id=5"},"modified":"2017-09-29T08:54:36","modified_gmt":"2017-09-29T06:54:36","slug":"gabrielli-goldschmiede-bruneck","status":"publish","type":"page","link":"https:\/\/www.jd-gabrielli.com\/","title":{"rendered":"Gabrielli Goldschmiede Bruneck"},"content":{"rendered":"<p>[vc_row full_width=&#8220;stretch_row&#8220;][vc_column][vc_column_text]\n\t\t<!-- MasterSlider -->\n\t\t<div id=\"P_MS69f452f048dd8\" class=\"master-slider-parent msl ms-parent-id-1\"  >\n\n\t\t\t\n\t\t\t<!-- MasterSlider Main -->\n\t\t\t<div id=\"MS69f452f048dd8\" class=\"master-slider ms-skin-default\" >\n\t\t\t\t \t\t\t\t \n\t\t\t\t<div  class=\"ms-slide\" data-delay=\"3\" data-fill-mode=\"fill\"  >\n\t\t\t\t\t<img src=\"https:\/\/www.jd-gabrielli.com\/wp-content\/plugins\/master-slider\/public\/assets\/css\/blank.gif\" alt=\"\" title=\"\" data-src=\"https:\/\/www.jd-gabrielli.com\/wp-content\/uploads\/2017\/09\/gabrielli_shop_3.jpg\" \/>\n\n\n\t<div class=\"ms-thumb\" ><div class=\"ms-tab-context\"><div class=&quot;ms-tab-context&quot;><\/div><\/div>\n<\/div>\n\t\t\t\t<\/div>\n\t\t\t\t<div  class=\"ms-slide\" data-delay=\"3\" data-fill-mode=\"fill\"  >\n\t\t\t\t\t<img src=\"https:\/\/www.jd-gabrielli.com\/wp-content\/plugins\/master-slider\/public\/assets\/css\/blank.gif\" alt=\"\" title=\"\" data-src=\"https:\/\/www.jd-gabrielli.com\/wp-content\/uploads\/2017\/09\/gabrielli_shop2.jpg\" \/>\n\n\n\t<div class=\"ms-thumb\" ><div class=\"ms-tab-context\"><div class=&quot;ms-tab-context&quot;><\/div><\/div>\n<\/div>\n\t\t\t\t<\/div>\n\t\t\t\t<div  class=\"ms-slide\" data-delay=\"3\" data-fill-mode=\"fill\"  >\n\t\t\t\t\t<img src=\"https:\/\/www.jd-gabrielli.com\/wp-content\/plugins\/master-slider\/public\/assets\/css\/blank.gif\" alt=\"\" title=\"\" data-src=\"https:\/\/www.jd-gabrielli.com\/wp-content\/uploads\/2017\/09\/gabrielli_shop.jpg\" \/>\n\n\n\t<div class=\"ms-thumb\" ><div class=\"ms-tab-context\"><div class=&quot;ms-tab-context&quot;><\/div><\/div>\n<\/div>\n\t\t\t\t<\/div>\n\n\t\t\t<\/div>\n\t\t\t<!-- END MasterSlider Main -->\n\n\t\t\t \n\t\t<\/div>\n\t\t<!-- END MasterSlider -->\n\n\t\t<script>\n\t\t(function ( $ ) {\n\t\t\t\"use strict\";\n\n\t\t\t$(function () {\n\t\t\t\tvar masterslider_8dd8 = new MasterSlider();\n\n\t\t\t\t\/\/ slider controls\n\t\t\t\tmasterslider_8dd8.control('arrows'     ,{ autohide:true, overVideo:true  });\n\t\t\t\t\/\/ slider setup\n\t\t\t\tmasterslider_8dd8.setup(\"MS69f452f048dd8\", {\n\t\t\t\t\t\twidth           : 1280,\n\t\t\t\t\t\theight          : 860,\n\t\t\t\t\t\tminHeight       : 0,\n\t\t\t\t\t\tspace           : 0,\n\t\t\t\t\t\tstart           : 1,\n\t\t\t\t\t\tgrabCursor      : true,\n\t\t\t\t\t\tswipe           : true,\n\t\t\t\t\t\tmouse           : true,\n\t\t\t\t\t\tlayout          : \"fullwidth\",\n\t\t\t\t\t\twheel           : false,\n\t\t\t\t\t\tautoplay        : true,\n\t\t\t\t\t\tinstantStartLayers:false,\n\t\t\t\t\t\tloop            : false,\n\t\t\t\t\t\tshuffle         : false,\n\t\t\t\t\t\tpreload         : 0,\n\t\t\t\t\t\theightLimit     : true,\n\t\t\t\t\t\tautoHeight      : false,\n\t\t\t\t\t\tsmoothHeight    : true,\n\t\t\t\t\t\tendPause        : false,\n\t\t\t\t\t\toverPause       : true,\n\t\t\t\t\t\tfillMode        : \"fill\",\n\t\t\t\t\t\tcenterControls  : true,\n\t\t\t\t\t\tstartOnAppear   : false,\n\t\t\t\t\t\tlayersMode      : \"center\",\n\t\t\t\t\t\thideLayers      : false,\n\t\t\t\t\t\tfullscreenMargin: 0,\n\t\t\t\t\t\tspeed           : 20,\n\t\t\t\t\t\tdir             : \"h\",\n\t\t\t\t\t\tparallaxMode    : 'swipe',\n\t\t\t\t\t\tview            : \"basic\"\n\t\t\t\t});\n\n\t\t\t\t\n\t\t\t\twindow.masterslider_instances = window.masterslider_instances || [];\n\t\t\t\twindow.masterslider_instances.push( masterslider_8dd8 );\n\t\t\t });\n\n\t\t})(jQuery);\n\t\t<\/script>\n\n[\/vc_column_text][\/vc_column][\/vc_row][vc_row css=&#8220;.vc_custom_1506597552337{margin: 3em !important;}&#8220;][vc_column][vc_column_text]<\/p>\n<h3>\u200bIst dieser Schmuck verr\u00fcckt?<\/h3>\n<p>Viele Menschen kann man an den Augen ablesen, wenn sie einen Laden, wie den der Gabriellis betreten, Sie halten das meiste f\u00fcr verr\u00fcckt, was dort angeboten wird. Aber sie geh\u00f6ren zu den Menschen, die wenigsten den Mut und die Neugier, vielleicht sogar die Sensibilit\u00e4t aufbringen, sich auf etwas einzulassen, was sie nicht sofort verstehen. Die anderen gehen \u00fcberhaupt nur kopfsch\u00fcttelnd vorbei.<\/p>\n<p>Was ist es nun, was an diesem Ort so anders ist als in vielen anderen Gesch\u00e4ften, die ebenfalls Schmuck anbieten? Die Sache ist, wie viele einfache Dinge, so einfach nicht.[\/vc_column_text][\/vc_column][\/vc_row][vc_row][vc_column width=&#8220;1\/3&#8243;][\/vc_column][vc_column width=&#8220;1\/3&#8243;][vc_single_image image=&#8220;168&#8243; img_size=&#8220;full&#8220;][\/vc_column][vc_column width=&#8220;1\/3&#8243;][\/vc_column][\/vc_row][vc_row css=&#8220;.vc_custom_1506598792966{margin: 3em !important;}&#8220;][vc_column][vc_column_text]Nat\u00fcrlich sind die Gabriellis verr\u00fcckt! Aber dies, so meine ich, in einem sehr positiven Sinne. Sie sind n\u00e4mlich aus der Reihe des Einheitsbreis herausger\u00fcckt und dies auf eine sehr pers\u00f6nliche Weise. Damit sind sie zugleich konservativ und modern. Konservativ, weil sie an der Tradition des Handwerks festhalten, dass ein Gegenstand sauber und fachgerecht gemacht sein soll. Modern, weil sie stets bem\u00fcht sind, \u00fcber das bisher gedachte und gemachte hinauszugehen. Josef Gabrielli hat nie aufgegeben, seine pers\u00f6nlichen Vorstellungen und Bilder in seine Arbeit zu \u00fcbertragen. Diesem Beispiel folgt seine Tochter, weil sie wie er erkannt hat, dass etwas Neues nur entsteht, wenn es an eine pers\u00f6nliche Vorstellung gebunden bleibt. Deshalb Folgen sind nicht einer Laune des Marktes, sondern ihrer eigenen Sicht von der Welt.<\/p>\n<p>Es ist n\u00e4mlich nicht so, dass zwei Menschen, die auf einem Berg stehen das gleiche sehen. Das \u00e4u\u00dfere Bild ist identisch aber die innere Sicht von den Dingen \u2013 und das ist was die Kreativit\u00e4t des Einzelnen beeinflusst und ihn treibt das zu tun was er tut \u2013 dieser Sicht bleibt dem Au\u00dfenstehenden weitesgehend verbogen. Nun werden einige sagen: &#8222;Kein Wunder, dass ich nicht verstehe was dort an Schmuck liegt.&#8220; Aber das ist kurz gedacht und falsch, denn Gabriella&#8217;s lassen jeden bereitwillig an ihrem Leben teilhaben, in dem sie offen und ehrlich durch ihre Dinge zeigen wer und wie sie sind.<\/p>\n<p>Diese Arbeiten sind geronnenes Leben und liegen offen vor dem Betrachter. Aus diesem Grund sind sie modern dance sie entstehen hier und heute von Menschen gemacht, die sich nicht hinter der Tradition verbergen, sondern genau zeigen, dass sie es sind, die zu diesen Dingen gefunden haben, aus der Erfahrung ihres Lebens und aus der t\u00e4glichen \u00dcberwindung, ihr innerstes in den Formen ihre Arbeit im Publikum zu zeigen.<\/p>\n<p>Wer also nur etwas Interesse f\u00fcr diese Welt mitbringt, dem w\u00e4re denn der Scharm, die Ehrlichkeit, die handwerkliche Besonderheit, die Modernit\u00e4t und die Verr\u00fccktheit dieser Gegenst\u00e4nde das verstehen leicht machen.[\/vc_column_text][vc_column_text]Alexander Zickendraht,<br \/>\nHanau im September 1990[\/vc_column_text][\/vc_column][\/vc_row][vc_row][vc_column][vc_column_text]<\/p>\n<h3 style=\"text-align: center;\">Sie finden uns auch auf Instagram<\/h3>\n<p>[\/vc_column_text][vc_column_text]\r\n<div id=\"sb_instagram\" class=\"sbi sbi_col_2  sbi_width_resp sbi_disable_mobile\" style=\"padding-bottom: 10px;background-color: rgb(10,10,10);width: 100%;\" data-feedid=\"sbi_17841406085780838#4\" data-res=\"auto\" data-cols=\"2\" data-num=\"4\" data-shortcode-atts=\"{}\"  data-sbi-flags=\"favorLocal\">\r\n\t<div class=\"sb_instagram_header  sbi_no_avatar\" style=\"padding: 5px; margin-bottom: 10px;padding-bottom: 0;\">\r\n    <a href=\"https:\/\/www.instagram.com\/goldschmiedegabrielli\/\" target=\"_blank\" rel=\"noopener nofollow\" title=\"@goldschmiedegabrielli\" class=\"sbi_header_link\">\r\n        <div class=\"sbi_header_text sbi_no_bio\">\r\n            <h3 >goldschmiedegabrielli<\/h3>\r\n\t                <\/div>\r\n                <div class=\"sbi_header_img\">\r\n            <div class=\"sbi_header_hashtag_icon\"><svg class=\"sbi_new_logo fa-instagram fa-w-14\" aria-hidden=\"true\" data-fa-processed=\"\" aria-label=\"Instagram\" data-prefix=\"fab\" data-icon=\"instagram\" role=\"img\" viewBox=\"0 0 448 512\">\r\n\t                <path fill=\"currentColor\" d=\"M224.1 141c-63.6 0-114.9 51.3-114.9 114.9s51.3 114.9 114.9 114.9S339 319.5 339 255.9 287.7 141 224.1 141zm0 189.6c-41.1 0-74.7-33.5-74.7-74.7s33.5-74.7 74.7-74.7 74.7 33.5 74.7 74.7-33.6 74.7-74.7 74.7zm146.4-194.3c0 14.9-12 26.8-26.8 26.8-14.9 0-26.8-12-26.8-26.8s12-26.8 26.8-26.8 26.8 12 26.8 26.8zm76.1 27.2c-1.7-35.9-9.9-67.7-36.2-93.9-26.2-26.2-58-34.4-93.9-36.2-37-2.1-147.9-2.1-184.9 0-35.8 1.7-67.6 9.9-93.9 36.1s-34.4 58-36.2 93.9c-2.1 37-2.1 147.9 0 184.9 1.7 35.9 9.9 67.7 36.2 93.9s58 34.4 93.9 36.2c37 2.1 147.9 2.1 184.9 0 35.9-1.7 67.7-9.9 93.9-36.2 26.2-26.2 34.4-58 36.2-93.9 2.1-37 2.1-147.8 0-184.8zM398.8 388c-7.8 19.6-22.9 34.7-42.6 42.6-29.5 11.7-99.5 9-132.1 9s-102.7 2.6-132.1-9c-19.6-7.8-34.7-22.9-42.6-42.6-11.7-29.5-9-99.5-9-132.1s-2.6-102.7 9-132.1c7.8-19.6 22.9-34.7 42.6-42.6 29.5-11.7 99.5-9 132.1-9s102.7-2.6 132.1 9c19.6 7.8 34.7 22.9 42.6 42.6 11.7 29.5 9 99.5 9 132.1s2.7 102.7-9 132.1z\"><\/path>\r\n\t            <\/svg><\/div>\r\n        <\/div>\r\n        \r\n    <\/a>\r\n<\/div>\r\n    <div id=\"sbi_images\" style=\"padding: 5px;\">\r\n\t\t<div class=\"sbi_item sbi_type_image sbi_new sbi_transition\" id=\"sbi_18036153226456784\" data-date=\"1681544641\">\r\n    <div class=\"sbi_photo_wrap\">\r\n        <a class=\"sbi_photo\" href=\"https:\/\/www.instagram.com\/p\/CrDIHEEIJIr\/\" target=\"_blank\" rel=\"noopener nofollow\" data-full-res=\"https:\/\/scontent-fra5-2.cdninstagram.com\/v\/t51.29350-15\/341407462_780555869906670_7158798156498850550_n.jpg?_nc_cat=106&#038;ccb=1-7&#038;_nc_sid=8ae9d6&#038;_nc_ohc=WXQ1cmCOgcQAX9UvY04&#038;_nc_ht=scontent-fra5-2.cdninstagram.com&#038;edm=ANo9K5cEAAAA&#038;oh=00_AfBxKKFFcjUIGjzDkzt8IeFcNyZUA2WQTqf5rA6xJ9Hp6A&#038;oe=64732F71\" data-img-src-set=\"{&quot;d&quot;:&quot;https:\\\/\\\/scontent-fra5-2.cdninstagram.com\\\/v\\\/t51.29350-15\\\/341407462_780555869906670_7158798156498850550_n.jpg?_nc_cat=106&amp;ccb=1-7&amp;_nc_sid=8ae9d6&amp;_nc_ohc=WXQ1cmCOgcQAX9UvY04&amp;_nc_ht=scontent-fra5-2.cdninstagram.com&amp;edm=ANo9K5cEAAAA&amp;oh=00_AfBxKKFFcjUIGjzDkzt8IeFcNyZUA2WQTqf5rA6xJ9Hp6A&amp;oe=64732F71&quot;,&quot;150&quot;:&quot;https:\\\/\\\/scontent-fra5-2.cdninstagram.com\\\/v\\\/t51.29350-15\\\/341407462_780555869906670_7158798156498850550_n.jpg?_nc_cat=106&amp;ccb=1-7&amp;_nc_sid=8ae9d6&amp;_nc_ohc=WXQ1cmCOgcQAX9UvY04&amp;_nc_ht=scontent-fra5-2.cdninstagram.com&amp;edm=ANo9K5cEAAAA&amp;oh=00_AfBxKKFFcjUIGjzDkzt8IeFcNyZUA2WQTqf5rA6xJ9Hp6A&amp;oe=64732F71&quot;,&quot;320&quot;:&quot;https:\\\/\\\/scontent-fra5-2.cdninstagram.com\\\/v\\\/t51.29350-15\\\/341407462_780555869906670_7158798156498850550_n.jpg?_nc_cat=106&amp;ccb=1-7&amp;_nc_sid=8ae9d6&amp;_nc_ohc=WXQ1cmCOgcQAX9UvY04&amp;_nc_ht=scontent-fra5-2.cdninstagram.com&amp;edm=ANo9K5cEAAAA&amp;oh=00_AfBxKKFFcjUIGjzDkzt8IeFcNyZUA2WQTqf5rA6xJ9Hp6A&amp;oe=64732F71&quot;,&quot;640&quot;:&quot;https:\\\/\\\/scontent-fra5-2.cdninstagram.com\\\/v\\\/t51.29350-15\\\/341407462_780555869906670_7158798156498850550_n.jpg?_nc_cat=106&amp;ccb=1-7&amp;_nc_sid=8ae9d6&amp;_nc_ohc=WXQ1cmCOgcQAX9UvY04&amp;_nc_ht=scontent-fra5-2.cdninstagram.com&amp;edm=ANo9K5cEAAAA&amp;oh=00_AfBxKKFFcjUIGjzDkzt8IeFcNyZUA2WQTqf5rA6xJ9Hp6A&amp;oe=64732F71&quot;}\">\r\n            <span class=\"sbi-screenreader\">#bracelet #armschmuck #gold #opal #boulder #austra<\/span>\r\n            \t                    <img src=\"https:\/\/www.jd-gabrielli.com\/wp-content\/plugins\/instagram-feed\/img\/placeholder.png\" alt=\"#bracelet #armschmuck #gold #opal #boulder #australia #leather #cuoio #unikatschmuck #uniquejewellery #gioiellodautore #contemporaryjewellery #brunico #dolomiti\">\r\n        <\/a>\r\n    <\/div>\r\n<\/div><div class=\"sbi_item sbi_type_image sbi_new sbi_transition\" id=\"sbi_17965761347170889\" data-date=\"1680939386\">\r\n    <div class=\"sbi_photo_wrap\">\r\n        <a class=\"sbi_photo\" href=\"https:\/\/www.instagram.com\/p\/CqxFre3ok8X\/\" target=\"_blank\" rel=\"noopener nofollow\" data-full-res=\"https:\/\/scontent-fra3-1.cdninstagram.com\/v\/t51.29350-15\/339874509_176099675309070_2781656515087279423_n.jpg?_nc_cat=105&#038;ccb=1-7&#038;_nc_sid=8ae9d6&#038;_nc_ohc=8ldvGvjrYGIAX-o_D7x&#038;_nc_ht=scontent-fra3-1.cdninstagram.com&#038;edm=ANo9K5cEAAAA&#038;oh=00_AfCG5Pv62y7waMeUnZoZ5KMmpK5XoM-I_cPXPjlbGa-FAg&#038;oe=647453DE\" data-img-src-set=\"{&quot;d&quot;:&quot;https:\\\/\\\/scontent-fra3-1.cdninstagram.com\\\/v\\\/t51.29350-15\\\/339874509_176099675309070_2781656515087279423_n.jpg?_nc_cat=105&amp;ccb=1-7&amp;_nc_sid=8ae9d6&amp;_nc_ohc=8ldvGvjrYGIAX-o_D7x&amp;_nc_ht=scontent-fra3-1.cdninstagram.com&amp;edm=ANo9K5cEAAAA&amp;oh=00_AfCG5Pv62y7waMeUnZoZ5KMmpK5XoM-I_cPXPjlbGa-FAg&amp;oe=647453DE&quot;,&quot;150&quot;:&quot;https:\\\/\\\/scontent-fra3-1.cdninstagram.com\\\/v\\\/t51.29350-15\\\/339874509_176099675309070_2781656515087279423_n.jpg?_nc_cat=105&amp;ccb=1-7&amp;_nc_sid=8ae9d6&amp;_nc_ohc=8ldvGvjrYGIAX-o_D7x&amp;_nc_ht=scontent-fra3-1.cdninstagram.com&amp;edm=ANo9K5cEAAAA&amp;oh=00_AfCG5Pv62y7waMeUnZoZ5KMmpK5XoM-I_cPXPjlbGa-FAg&amp;oe=647453DE&quot;,&quot;320&quot;:&quot;https:\\\/\\\/scontent-fra3-1.cdninstagram.com\\\/v\\\/t51.29350-15\\\/339874509_176099675309070_2781656515087279423_n.jpg?_nc_cat=105&amp;ccb=1-7&amp;_nc_sid=8ae9d6&amp;_nc_ohc=8ldvGvjrYGIAX-o_D7x&amp;_nc_ht=scontent-fra3-1.cdninstagram.com&amp;edm=ANo9K5cEAAAA&amp;oh=00_AfCG5Pv62y7waMeUnZoZ5KMmpK5XoM-I_cPXPjlbGa-FAg&amp;oe=647453DE&quot;,&quot;640&quot;:&quot;https:\\\/\\\/scontent-fra3-1.cdninstagram.com\\\/v\\\/t51.29350-15\\\/339874509_176099675309070_2781656515087279423_n.jpg?_nc_cat=105&amp;ccb=1-7&amp;_nc_sid=8ae9d6&amp;_nc_ohc=8ldvGvjrYGIAX-o_D7x&amp;_nc_ht=scontent-fra3-1.cdninstagram.com&amp;edm=ANo9K5cEAAAA&amp;oh=00_AfCG5Pv62y7waMeUnZoZ5KMmpK5XoM-I_cPXPjlbGa-FAg&amp;oe=647453DE&quot;}\">\r\n            <span class=\"sbi-screenreader\">#ring #anello #gold #kunzite #diamond #artjeweller<\/span>\r\n            \t                    <img src=\"https:\/\/www.jd-gabrielli.com\/wp-content\/plugins\/instagram-feed\/img\/placeholder.png\" alt=\"#ring #anello #gold #kunzite #diamond #artjewellery #gioellodautore #unikatschmuck #uniquejewellery #contemporaryjewellery #brunico #dolomiti\">\r\n        <\/a>\r\n    <\/div>\r\n<\/div><div class=\"sbi_item sbi_type_image sbi_new sbi_transition\" id=\"sbi_17962265192371148\" data-date=\"1679584613\">\r\n    <div class=\"sbi_photo_wrap\">\r\n        <a class=\"sbi_photo\" href=\"https:\/\/www.instagram.com\/p\/CqItp3WoJTA\/\" target=\"_blank\" rel=\"noopener nofollow\" data-full-res=\"https:\/\/scontent-fra3-1.cdninstagram.com\/v\/t51.29350-15\/328849560_227584196463024_1072896119976887985_n.jpg?_nc_cat=110&#038;ccb=1-7&#038;_nc_sid=8ae9d6&#038;_nc_ohc=0fUU5J3_5RkAX_m92It&#038;_nc_ht=scontent-fra3-1.cdninstagram.com&#038;edm=ANo9K5cEAAAA&#038;oh=00_AfB0uhVpMLVvQTPrH8viq8CATXfa7h85A2aved-OEnIeLg&#038;oe=64748601\" data-img-src-set=\"{&quot;d&quot;:&quot;https:\\\/\\\/scontent-fra3-1.cdninstagram.com\\\/v\\\/t51.29350-15\\\/328849560_227584196463024_1072896119976887985_n.jpg?_nc_cat=110&amp;ccb=1-7&amp;_nc_sid=8ae9d6&amp;_nc_ohc=0fUU5J3_5RkAX_m92It&amp;_nc_ht=scontent-fra3-1.cdninstagram.com&amp;edm=ANo9K5cEAAAA&amp;oh=00_AfB0uhVpMLVvQTPrH8viq8CATXfa7h85A2aved-OEnIeLg&amp;oe=64748601&quot;,&quot;150&quot;:&quot;https:\\\/\\\/scontent-fra3-1.cdninstagram.com\\\/v\\\/t51.29350-15\\\/328849560_227584196463024_1072896119976887985_n.jpg?_nc_cat=110&amp;ccb=1-7&amp;_nc_sid=8ae9d6&amp;_nc_ohc=0fUU5J3_5RkAX_m92It&amp;_nc_ht=scontent-fra3-1.cdninstagram.com&amp;edm=ANo9K5cEAAAA&amp;oh=00_AfB0uhVpMLVvQTPrH8viq8CATXfa7h85A2aved-OEnIeLg&amp;oe=64748601&quot;,&quot;320&quot;:&quot;https:\\\/\\\/scontent-fra3-1.cdninstagram.com\\\/v\\\/t51.29350-15\\\/328849560_227584196463024_1072896119976887985_n.jpg?_nc_cat=110&amp;ccb=1-7&amp;_nc_sid=8ae9d6&amp;_nc_ohc=0fUU5J3_5RkAX_m92It&amp;_nc_ht=scontent-fra3-1.cdninstagram.com&amp;edm=ANo9K5cEAAAA&amp;oh=00_AfB0uhVpMLVvQTPrH8viq8CATXfa7h85A2aved-OEnIeLg&amp;oe=64748601&quot;,&quot;640&quot;:&quot;https:\\\/\\\/scontent-fra3-1.cdninstagram.com\\\/v\\\/t51.29350-15\\\/328849560_227584196463024_1072896119976887985_n.jpg?_nc_cat=110&amp;ccb=1-7&amp;_nc_sid=8ae9d6&amp;_nc_ohc=0fUU5J3_5RkAX_m92It&amp;_nc_ht=scontent-fra3-1.cdninstagram.com&amp;edm=ANo9K5cEAAAA&amp;oh=00_AfB0uhVpMLVvQTPrH8viq8CATXfa7h85A2aved-OEnIeLg&amp;oe=64748601&quot;}\">\r\n            <span class=\"sbi-screenreader\">#earrings #ohrschmuck #orecchini #tourmaline #moon<\/span>\r\n            \t                    <img src=\"https:\/\/www.jd-gabrielli.com\/wp-content\/plugins\/instagram-feed\/img\/placeholder.png\" alt=\"#earrings #ohrschmuck #orecchini #tourmaline #moonstone #pearl #gold #unikatschmuck #uniquejewellery #gioiellicontemporanei #artjewellery #uniquejewellerydesign #dolomiti  #brunico\">\r\n        <\/a>\r\n    <\/div>\r\n<\/div><div class=\"sbi_item sbi_type_image sbi_new sbi_transition\" id=\"sbi_17993956567783637\" data-date=\"1678112448\">\r\n    <div class=\"sbi_photo_wrap\">\r\n        <a class=\"sbi_photo\" href=\"https:\/\/www.instagram.com\/p\/Cpc1uNEIgdm\/\" target=\"_blank\" rel=\"noopener nofollow\" data-full-res=\"https:\/\/scontent-fra3-1.cdninstagram.com\/v\/t51.29350-15\/334272530_1207858746517634_605857267527571032_n.jpg?_nc_cat=110&#038;ccb=1-7&#038;_nc_sid=8ae9d6&#038;_nc_ohc=Ho4_mSIchQsAX8UKYpe&#038;_nc_ht=scontent-fra3-1.cdninstagram.com&#038;edm=ANo9K5cEAAAA&#038;oh=00_AfB0suc0Rg_aU3nA4XfVYsE1JQB8cwL9Cg54wvMhsHrihQ&#038;oe=6473B366\" data-img-src-set=\"{&quot;d&quot;:&quot;https:\\\/\\\/scontent-fra3-1.cdninstagram.com\\\/v\\\/t51.29350-15\\\/334272530_1207858746517634_605857267527571032_n.jpg?_nc_cat=110&amp;ccb=1-7&amp;_nc_sid=8ae9d6&amp;_nc_ohc=Ho4_mSIchQsAX8UKYpe&amp;_nc_ht=scontent-fra3-1.cdninstagram.com&amp;edm=ANo9K5cEAAAA&amp;oh=00_AfB0suc0Rg_aU3nA4XfVYsE1JQB8cwL9Cg54wvMhsHrihQ&amp;oe=6473B366&quot;,&quot;150&quot;:&quot;https:\\\/\\\/scontent-fra3-1.cdninstagram.com\\\/v\\\/t51.29350-15\\\/334272530_1207858746517634_605857267527571032_n.jpg?_nc_cat=110&amp;ccb=1-7&amp;_nc_sid=8ae9d6&amp;_nc_ohc=Ho4_mSIchQsAX8UKYpe&amp;_nc_ht=scontent-fra3-1.cdninstagram.com&amp;edm=ANo9K5cEAAAA&amp;oh=00_AfB0suc0Rg_aU3nA4XfVYsE1JQB8cwL9Cg54wvMhsHrihQ&amp;oe=6473B366&quot;,&quot;320&quot;:&quot;https:\\\/\\\/scontent-fra3-1.cdninstagram.com\\\/v\\\/t51.29350-15\\\/334272530_1207858746517634_605857267527571032_n.jpg?_nc_cat=110&amp;ccb=1-7&amp;_nc_sid=8ae9d6&amp;_nc_ohc=Ho4_mSIchQsAX8UKYpe&amp;_nc_ht=scontent-fra3-1.cdninstagram.com&amp;edm=ANo9K5cEAAAA&amp;oh=00_AfB0suc0Rg_aU3nA4XfVYsE1JQB8cwL9Cg54wvMhsHrihQ&amp;oe=6473B366&quot;,&quot;640&quot;:&quot;https:\\\/\\\/scontent-fra3-1.cdninstagram.com\\\/v\\\/t51.29350-15\\\/334272530_1207858746517634_605857267527571032_n.jpg?_nc_cat=110&amp;ccb=1-7&amp;_nc_sid=8ae9d6&amp;_nc_ohc=Ho4_mSIchQsAX8UKYpe&amp;_nc_ht=scontent-fra3-1.cdninstagram.com&amp;edm=ANo9K5cEAAAA&amp;oh=00_AfB0suc0Rg_aU3nA4XfVYsE1JQB8cwL9Cg54wvMhsHrihQ&amp;oe=6473B366&quot;}\">\r\n            <span class=\"sbi-screenreader\">#ring #anello #gold #moonstone #diamonds #naturalc<\/span>\r\n            \t                    <img src=\"https:\/\/www.jd-gabrielli.com\/wp-content\/plugins\/instagram-feed\/img\/placeholder.png\" alt=\"#ring #anello #gold #moonstone #diamonds #naturalcolor #gioiellodautore #contemporaryjewellery #unikatschmuck #artjewellery #uniquejewellerydesign #dolomiti #brunico\">\r\n        <\/a>\r\n    <\/div>\r\n<\/div>    <\/div>\r\n\r\n\t<div id=\"sbi_load\">\r\n\r\n\t\r\n\t    <span class=\"sbi_follow_btn\">\r\n        <a href=\"https:\/\/www.instagram.com\/goldschmiedegabrielli\/\"  target=\"_blank\" rel=\"noopener nofollow\"><svg class=\"svg-inline--fa fa-instagram fa-w-14\" aria-hidden=\"true\" data-fa-processed=\"\" aria-label=\"Instagram\" data-prefix=\"fab\" data-icon=\"instagram\" role=\"img\" viewBox=\"0 0 448 512\">\r\n\t                <path fill=\"currentColor\" d=\"M224.1 141c-63.6 0-114.9 51.3-114.9 114.9s51.3 114.9 114.9 114.9S339 319.5 339 255.9 287.7 141 224.1 141zm0 189.6c-41.1 0-74.7-33.5-74.7-74.7s33.5-74.7 74.7-74.7 74.7 33.5 74.7 74.7-33.6 74.7-74.7 74.7zm146.4-194.3c0 14.9-12 26.8-26.8 26.8-14.9 0-26.8-12-26.8-26.8s12-26.8 26.8-26.8 26.8 12 26.8 26.8zm76.1 27.2c-1.7-35.9-9.9-67.7-36.2-93.9-26.2-26.2-58-34.4-93.9-36.2-37-2.1-147.9-2.1-184.9 0-35.8 1.7-67.6 9.9-93.9 36.1s-34.4 58-36.2 93.9c-2.1 37-2.1 147.9 0 184.9 1.7 35.9 9.9 67.7 36.2 93.9s58 34.4 93.9 36.2c37 2.1 147.9 2.1 184.9 0 35.9-1.7 67.7-9.9 93.9-36.2 26.2-26.2 34.4-58 36.2-93.9 2.1-37 2.1-147.8 0-184.8zM398.8 388c-7.8 19.6-22.9 34.7-42.6 42.6-29.5 11.7-99.5 9-132.1 9s-102.7 2.6-132.1-9c-19.6-7.8-34.7-22.9-42.6-42.6-11.7-29.5-9-99.5-9-132.1s-2.6-102.7 9-132.1c7.8-19.6 22.9-34.7 42.6-42.6 29.5-11.7 99.5-9 132.1-9s102.7-2.6 132.1 9c19.6 7.8 34.7 22.9 42.6 42.6 11.7 29.5 9 99.5 9 132.1s2.7 102.7-9 132.1z\"><\/path>\r\n\t            <\/svg>Folgen Sie auf Instagram<\/a>\r\n    <\/span>\r\n\t\r\n<\/div>\r\n\t    <span class=\"sbi_resized_image_data\" data-feed-id=\"sbi_17841406085780838#4\" data-resized=\"{&quot;17993956567783637&quot;:{&quot;id&quot;:&quot;334272530_1207858746517634_605857267527571032_n&quot;,&quot;ratio&quot;:&quot;1.00&quot;,&quot;sizes&quot;:{&quot;full&quot;:640,&quot;low&quot;:320}},&quot;17962265192371148&quot;:{&quot;id&quot;:&quot;328849560_227584196463024_1072896119976887985_n&quot;,&quot;ratio&quot;:&quot;1.00&quot;,&quot;sizes&quot;:{&quot;full&quot;:640,&quot;low&quot;:320}},&quot;17965761347170889&quot;:{&quot;id&quot;:&quot;339874509_176099675309070_2781656515087279423_n&quot;,&quot;ratio&quot;:&quot;1.00&quot;,&quot;sizes&quot;:{&quot;full&quot;:640,&quot;low&quot;:320}},&quot;18036153226456784&quot;:{&quot;id&quot;:&quot;341407462_780555869906670_7158798156498850550_n&quot;,&quot;ratio&quot;:&quot;1.00&quot;,&quot;sizes&quot;:{&quot;full&quot;:640,&quot;low&quot;:320}}}\">\r\n\t<\/span>\r\n\t        <div id=\"sbi_mod_error\">\r\n            <span>Diese Fehlermeldung ist nur f\u00fcr WordPress-Administratoren sichtbar<\/span><br \/>\r\n                <\/div>\r\n        <\/div>\r\n\r\n[\/vc_column_text][\/vc_column][\/vc_row]<\/p>\n","protected":false},"excerpt":{"rendered":"<p>[vc_row full_width=&#8220;stretch_row&#8220;][vc_column][vc_column_text][\/vc_column_text][\/vc_column][\/vc_row][vc_row css=&#8220;.vc_custom_1506597552337{margin: 3em !important;}&#8220;][vc_column][vc_column_text] \u200bIst dieser Schmuck verr\u00fcckt? Viele Menschen kann man an den Augen ablesen, wenn sie einen Laden, wie den der Gabriellis betreten, Sie halten das meiste f\u00fcr verr\u00fcckt, was dort angeboten wird. Aber sie geh\u00f6ren zu den Menschen, die wenigsten den Mut und die Neugier, vielleicht sogar die Sensibilit\u00e4t aufbringen, sich&#8230; <\/p>\n<div class=\"link-more\"><a href=\"https:\/\/www.jd-gabrielli.com\/\">Weiterlesen<\/a><\/div>\n","protected":false},"author":1,"featured_media":0,"parent":0,"menu_order":1,"comment_status":"closed","ping_status":"closed","template":"","meta":[],"_links":{"self":[{"href":"https:\/\/www.jd-gabrielli.com\/index.php\/wp-json\/wp\/v2\/pages\/5"}],"collection":[{"href":"https:\/\/www.jd-gabrielli.com\/index.php\/wp-json\/wp\/v2\/pages"}],"about":[{"href":"https:\/\/www.jd-gabrielli.com\/index.php\/wp-json\/wp\/v2\/types\/page"}],"author":[{"embeddable":true,"href":"https:\/\/www.jd-gabrielli.com\/index.php\/wp-json\/wp\/v2\/users\/1"}],"replies":[{"embeddable":true,"href":"https:\/\/www.jd-gabrielli.com\/index.php\/wp-json\/wp\/v2\/comments?post=5"}],"version-history":[{"count":26,"href":"https:\/\/www.jd-gabrielli.com\/index.php\/wp-json\/wp\/v2\/pages\/5\/revisions"}],"predecessor-version":[{"id":245,"href":"https:\/\/www.jd-gabrielli.com\/index.php\/wp-json\/wp\/v2\/pages\/5\/revisions\/245"}],"wp:attachment":[{"href":"https:\/\/www.jd-gabrielli.com\/index.php\/wp-json\/wp\/v2\/media?parent=5"}],"curies":[{"name":"wp","href":"https:\/\/api.w.org\/{rel}","templated":true}]}}