{"id":43,"date":"2017-09-20T22:15:06","date_gmt":"2017-09-20T20:15:06","guid":{"rendered":"http:\/\/www.jd-gabrielli.com\/?page_id=43"},"modified":"2017-09-29T14:00:48","modified_gmt":"2017-09-29T12:00:48","slug":"gabrielli-unikate","status":"publish","type":"page","link":"https:\/\/www.jd-gabrielli.com\/index.php\/gabrielli-unikate\/","title":{"rendered":"Gabrielli Unikate"},"content":{"rendered":"<p>[vc_row css=&#8220;.vc_custom_1506601521731{margin: 3em !important;}&#8220;][vc_column][vc_column_text]<\/p>\n<h2>DAS UNIKAT<\/h2>\n<p>[\/vc_column_text][vc_column_text]<\/p>\n<h3><em>Zitat aus dem Tagebuch der Bildhauerin Eva Hesse<\/em><\/h3>\n<p>&#8230; Man muss immer damit anfangen, kleine Dinge zu tun, denn die ziehen dann ihre Kreise. Etwas zu tun, setz Dinge in Bewegung und das f\u00fchrt weiter. So geht es immer. So f\u00fchrt eine Arbeit zur n\u00e4chsten. Arbeiten f\u00fchrt zu weiterem Arbeiten und zu weiterem Denken.<\/p>\n<p>F\u00fcr mich funktioniert das &#8230;[\/vc_column_text][\/vc_column][\/vc_row][vc_row][vc_column][vc_column_text]\n\t\t<!-- MasterSlider -->\n\t\t<div id=\"P_MS69eb40fe36c6e\" class=\"master-slider-parent msl ms-parent-id-9\"  >\n\n\t\t\t\n\t\t\t<!-- MasterSlider Main -->\n\t\t\t<div id=\"MS69eb40fe36c6e\" class=\"master-slider ms-skin-default\" >\n\t\t\t\t \t\t\t\t \n\t\t\t\t<div  class=\"ms-slide\" data-delay=\"3\" data-fill-mode=\"fill\"  >\n\t\t\t\t\t<img src=\"https:\/\/www.jd-gabrielli.com\/wp-content\/plugins\/master-slider\/public\/assets\/css\/blank.gif\" alt=\"\" title=\"\" data-src=\"https:\/\/www.jd-gabrielli.com\/wp-content\/uploads\/2017\/09\/gabrielli_ringe_1.jpg\" \/>\n\n\n\t<div class=\"ms-thumb\" ><div class=\"ms-tab-context\"><div class=&quot;ms-tab-context&quot;><\/div><\/div>\n<\/div>\n\t\t\t\t<\/div>\n\t\t\t\t<div  class=\"ms-slide\" data-delay=\"3\" data-fill-mode=\"fill\"  >\n\t\t\t\t\t<img src=\"https:\/\/www.jd-gabrielli.com\/wp-content\/plugins\/master-slider\/public\/assets\/css\/blank.gif\" alt=\"\" title=\"\" data-src=\"https:\/\/www.jd-gabrielli.com\/wp-content\/uploads\/2017\/09\/gabrielli_objekte_2.jpg\" \/>\n\n\n\t<div class=\"ms-thumb\" ><div class=\"ms-tab-context\"><div class=&quot;ms-tab-context&quot;><\/div><\/div>\n<\/div>\n\t\t\t\t<\/div>\n\t\t\t\t<div  class=\"ms-slide\" data-delay=\"3\" data-fill-mode=\"fill\"  >\n\t\t\t\t\t<img src=\"https:\/\/www.jd-gabrielli.com\/wp-content\/plugins\/master-slider\/public\/assets\/css\/blank.gif\" alt=\"\" title=\"\" data-src=\"https:\/\/www.jd-gabrielli.com\/wp-content\/uploads\/2017\/09\/gabrielli_broschen_3.jpg\" \/>\n\n\n\t<div class=\"ms-thumb\" ><div class=\"ms-tab-context\"><div class=&quot;ms-tab-context&quot;><\/div><\/div>\n<\/div>\n\t\t\t\t<\/div>\n\t\t\t\t<div  class=\"ms-slide\" data-delay=\"3\" data-fill-mode=\"fill\"  >\n\t\t\t\t\t<img src=\"https:\/\/www.jd-gabrielli.com\/wp-content\/plugins\/master-slider\/public\/assets\/css\/blank.gif\" alt=\"\" title=\"\" data-src=\"https:\/\/www.jd-gabrielli.com\/wp-content\/uploads\/2017\/09\/gabrielli_bilder_3-1.jpg\" \/>\n\n\n\t<div class=\"ms-thumb\" ><div class=\"ms-tab-context\"><div class=&quot;ms-tab-context&quot;><\/div><\/div>\n<\/div>\n\t\t\t\t<\/div>\n\t\t\t\t<div  class=\"ms-slide\" data-delay=\"3\" data-fill-mode=\"fill\"  >\n\t\t\t\t\t<img src=\"https:\/\/www.jd-gabrielli.com\/wp-content\/plugins\/master-slider\/public\/assets\/css\/blank.gif\" alt=\"\" title=\"\" data-src=\"https:\/\/www.jd-gabrielli.com\/wp-content\/uploads\/2017\/09\/gabrielli_armschmuck_2-1.jpg\" \/>\n\n\n\t<div class=\"ms-thumb\" ><div class=\"ms-tab-context\"><div class=&quot;ms-tab-context&quot;><\/div><\/div>\n<\/div>\n\t\t\t\t<\/div>\n\t\t\t\t<div  class=\"ms-slide\" data-delay=\"3\" data-fill-mode=\"fill\"  >\n\t\t\t\t\t<img src=\"https:\/\/www.jd-gabrielli.com\/wp-content\/plugins\/master-slider\/public\/assets\/css\/blank.gif\" alt=\"\" title=\"\" data-src=\"https:\/\/www.jd-gabrielli.com\/wp-content\/uploads\/2017\/09\/gabrielli_armschmuck_1-6.jpg\" \/>\n\n\n\t<div class=\"ms-thumb\" ><div class=\"ms-tab-context\"><div class=&quot;ms-tab-context&quot;><\/div><\/div>\n<\/div>\n\t\t\t\t<\/div>\n\n\t\t\t<\/div>\n\t\t\t<!-- END MasterSlider Main -->\n\n\t\t\t \n\t\t<\/div>\n\t\t<!-- END MasterSlider -->\n\n\t\t<script>\n\t\t(function ( $ ) {\n\t\t\t\"use strict\";\n\n\t\t\t$(function () {\n\t\t\t\tvar masterslider_6c6e = new MasterSlider();\n\n\t\t\t\t\/\/ slider controls\n\t\t\t\tmasterslider_6c6e.control('arrows'     ,{ autohide:true, overVideo:true  });\n\t\t\t\t\/\/ slider setup\n\t\t\t\tmasterslider_6c6e.setup(\"MS69eb40fe36c6e\", {\n\t\t\t\t\t\twidth           : 1280,\n\t\t\t\t\t\theight          : 860,\n\t\t\t\t\t\tminHeight       : 0,\n\t\t\t\t\t\tspace           : 0,\n\t\t\t\t\t\tstart           : 1,\n\t\t\t\t\t\tgrabCursor      : true,\n\t\t\t\t\t\tswipe           : true,\n\t\t\t\t\t\tmouse           : true,\n\t\t\t\t\t\tlayout          : \"fullwidth\",\n\t\t\t\t\t\twheel           : false,\n\t\t\t\t\t\tautoplay        : true,\n\t\t\t\t\t\tinstantStartLayers:false,\n\t\t\t\t\t\tloop            : false,\n\t\t\t\t\t\tshuffle         : false,\n\t\t\t\t\t\tpreload         : 0,\n\t\t\t\t\t\theightLimit     : true,\n\t\t\t\t\t\tautoHeight      : false,\n\t\t\t\t\t\tsmoothHeight    : true,\n\t\t\t\t\t\tendPause        : false,\n\t\t\t\t\t\toverPause       : true,\n\t\t\t\t\t\tfillMode        : \"fill\",\n\t\t\t\t\t\tcenterControls  : true,\n\t\t\t\t\t\tstartOnAppear   : false,\n\t\t\t\t\t\tlayersMode      : \"center\",\n\t\t\t\t\t\thideLayers      : false,\n\t\t\t\t\t\tfullscreenMargin: 0,\n\t\t\t\t\t\tspeed           : 20,\n\t\t\t\t\t\tdir             : \"h\",\n\t\t\t\t\t\tparallaxMode    : 'swipe',\n\t\t\t\t\t\tview            : \"basic\"\n\t\t\t\t});\n\n\t\t\t\t\n\t\t\t\twindow.masterslider_instances = window.masterslider_instances || [];\n\t\t\t\twindow.masterslider_instances.push( masterslider_6c6e );\n\t\t\t });\n\n\t\t})(jQuery);\n\t\t<\/script>\n\n[\/vc_column_text][\/vc_column][\/vc_row]<\/p>\n","protected":false},"excerpt":{"rendered":"<p>[vc_row css=&#8220;.vc_custom_1506601521731{margin: 3em !important;}&#8220;][vc_column][vc_column_text] DAS UNIKAT [\/vc_column_text][vc_column_text] Zitat aus dem Tagebuch der Bildhauerin Eva Hesse &#8230; Man muss immer damit anfangen, kleine Dinge zu tun, denn die ziehen dann ihre Kreise. Etwas zu tun, setz Dinge in Bewegung und das f\u00fchrt weiter. So geht es immer. So f\u00fchrt eine Arbeit zur n\u00e4chsten. Arbeiten f\u00fchrt zu&#8230; <\/p>\n<div class=\"link-more\"><a href=\"https:\/\/www.jd-gabrielli.com\/index.php\/gabrielli-unikate\/\">Weiterlesen<\/a><\/div>\n","protected":false},"author":1,"featured_media":0,"parent":0,"menu_order":2,"comment_status":"closed","ping_status":"closed","template":"","meta":[],"_links":{"self":[{"href":"https:\/\/www.jd-gabrielli.com\/index.php\/wp-json\/wp\/v2\/pages\/43"}],"collection":[{"href":"https:\/\/www.jd-gabrielli.com\/index.php\/wp-json\/wp\/v2\/pages"}],"about":[{"href":"https:\/\/www.jd-gabrielli.com\/index.php\/wp-json\/wp\/v2\/types\/page"}],"author":[{"embeddable":true,"href":"https:\/\/www.jd-gabrielli.com\/index.php\/wp-json\/wp\/v2\/users\/1"}],"replies":[{"embeddable":true,"href":"https:\/\/www.jd-gabrielli.com\/index.php\/wp-json\/wp\/v2\/comments?post=43"}],"version-history":[{"count":12,"href":"https:\/\/www.jd-gabrielli.com\/index.php\/wp-json\/wp\/v2\/pages\/43\/revisions"}],"predecessor-version":[{"id":348,"href":"https:\/\/www.jd-gabrielli.com\/index.php\/wp-json\/wp\/v2\/pages\/43\/revisions\/348"}],"wp:attachment":[{"href":"https:\/\/www.jd-gabrielli.com\/index.php\/wp-json\/wp\/v2\/media?parent=43"}],"curies":[{"name":"wp","href":"https:\/\/api.w.org\/{rel}","templated":true}]}}