{"id":34,"date":"2017-09-20T21:47:52","date_gmt":"2017-09-20T19:47:52","guid":{"rendered":"http:\/\/www.jd-gabrielli.com\/?page_id=34"},"modified":"2017-11-29T15:52:48","modified_gmt":"2017-11-29T14:52:48","slug":"schmuck","status":"publish","type":"page","link":"https:\/\/www.jd-gabrielli.com\/index.php\/schmuck\/","title":{"rendered":"Schmuck"},"content":{"rendered":"<p>[vc_row full_width=&#8220;stretch_row&#8220;][vc_column][vc_column_text]<\/p>\n<h2>Schmuck<\/h2>\n<p>[\/vc_column_text][\/vc_column][\/vc_row][vc_row][vc_column width=&#8220;1\/3&#8243;][vc_column_text]<\/p>\n<h3 style=\"text-align: center;\">Armschmuck<\/h3>\n<p>[\/vc_column_text][vc_single_image image=&#8220;199&#8243; img_size=&#8220;full&#8220; onclick=&#8220;custom_link&#8220; link=&#8220;http:\/\/www.jd-gabrielli.com\/index.php\/schmuck\/armschmuck\/&#8220;][\/vc_column][vc_column width=&#8220;1\/3&#8243;][vc_column_text]<\/p>\n<h3 style=\"text-align: center;\">Broschen<\/h3>\n<p>[\/vc_column_text][vc_single_image image=&#8220;202&#8243; img_size=&#8220;full&#8220; onclick=&#8220;custom_link&#8220; link=&#8220;http:\/\/www.jd-gabrielli.com\/index.php\/schmuck\/broschen\/&#8220;][\/vc_column][vc_column width=&#8220;1\/3&#8243;][vc_column_text]<\/p>\n<h3 style=\"text-align: center;\">Halsschmuck<\/h3>\n<p>[\/vc_column_text][vc_single_image image=&#8220;205&#8243; img_size=&#8220;full&#8220; onclick=&#8220;custom_link&#8220; link=&#8220;http:\/\/www.jd-gabrielli.com\/index.php\/schmuck\/halsschmuck\/&#8220;][\/vc_column][\/vc_row][vc_row][vc_column width=&#8220;1\/3&#8243;][vc_column_text]<\/p>\n<h3 style=\"text-align: center;\">Ohrringe<\/h3>\n<p>[\/vc_column_text][vc_single_image image=&#8220;208&#8243; img_size=&#8220;full&#8220; onclick=&#8220;custom_link&#8220; link=&#8220;http:\/\/www.jd-gabrielli.com\/index.php\/schmuck\/ohrringe\/&#8220;][\/vc_column][vc_column width=&#8220;1\/3&#8243;][vc_column_text]<\/p>\n<h3 style=\"text-align: center;\">Ringe<\/h3>\n<p>[\/vc_column_text][vc_single_image image=&#8220;211&#8243; img_size=&#8220;full&#8220; onclick=&#8220;custom_link&#8220; link=&#8220;http:\/\/www.jd-gabrielli.com\/index.php\/schmuck\/ringe\/&#8220;][\/vc_column][vc_column width=&#8220;1\/3&#8243;][vc_column_text]<\/p>\n<h3 style=\"text-align: center;\">Herrenschmuck<\/h3>\n<p>[\/vc_column_text][vc_single_image image=&#8220;214&#8243; img_size=&#8220;full&#8220; onclick=&#8220;custom_link&#8220; link=&#8220;http:\/\/www.jd-gabrielli.com\/index.php\/schmuck\/schluesselanhaenger\/&#8220;][\/vc_column][\/vc_row][vc_row css=&#8220;.vc_custom_1506605291236{margin: 3em !important;}&#8220;][vc_column][vc_column_text]<\/p>\n<h3>UNIKATE<\/h3>\n<p>[\/vc_column_text][vc_column_text]Der Markt f\u00fcr moderne und neue Schmuckideen hat sich in den letzten zwei Jahrzehnten st\u00e4ndig ge\u00f6ffnet. Immer mehr Frauen und M\u00e4nner finden ihren eigenen Stil und beurteilen selbst, was zu ihnen passt.<\/p>\n<p>F\u00fcr den Goldschmied gilt es, klassische Gestaltungsformen zu \u00fcberschreiten und dennoch tragbaren Schmuck zu entwickeln.<\/p>\n<p>Der Gestaltungsprozess stellt komplexe Anforderungen an den Goldschmied, dessen Aufgabe es ist, eine innere Verbindung zwischen Tr\u00e4ger\/in und dem Schmuckst\u00fcck herzustellen. Schmuck ist in diesem Fall nicht mehr blo\u00dfe Dekoration, sondern <strong>Ausdruck einer individuellen Pers\u00f6nlichkeit<\/strong>.[\/vc_column_text][\/vc_column][\/vc_row][vc_row][vc_column][vc_video link=&#8220;https:\/\/vimeo.com\/243802452&#8243; align=&#8220;center&#8220;][\/vc_column][\/vc_row]<\/p>\n","protected":false},"excerpt":{"rendered":"<p>[vc_row full_width=&#8220;stretch_row&#8220;][vc_column][vc_column_text] Schmuck [\/vc_column_text][\/vc_column][\/vc_row][vc_row][vc_column width=&#8220;1\/3&#8243;][vc_column_text] Armschmuck [\/vc_column_text][vc_single_image image=&#8220;199&#8243; img_size=&#8220;full&#8220; onclick=&#8220;custom_link&#8220; link=&#8220;http:\/\/www.jd-gabrielli.com\/index.php\/schmuck\/armschmuck\/&#8220;][\/vc_column][vc_column width=&#8220;1\/3&#8243;][vc_column_text] Broschen [\/vc_column_text][vc_single_image image=&#8220;202&#8243; img_size=&#8220;full&#8220; onclick=&#8220;custom_link&#8220; link=&#8220;http:\/\/www.jd-gabrielli.com\/index.php\/schmuck\/broschen\/&#8220;][\/vc_column][vc_column width=&#8220;1\/3&#8243;][vc_column_text] Halsschmuck [\/vc_column_text][vc_single_image image=&#8220;205&#8243; img_size=&#8220;full&#8220; onclick=&#8220;custom_link&#8220; link=&#8220;http:\/\/www.jd-gabrielli.com\/index.php\/schmuck\/halsschmuck\/&#8220;][\/vc_column][\/vc_row][vc_row][vc_column width=&#8220;1\/3&#8243;][vc_column_text] Ohrringe [\/vc_column_text][vc_single_image image=&#8220;208&#8243; img_size=&#8220;full&#8220; onclick=&#8220;custom_link&#8220; link=&#8220;http:\/\/www.jd-gabrielli.com\/index.php\/schmuck\/ohrringe\/&#8220;][\/vc_column][vc_column width=&#8220;1\/3&#8243;][vc_column_text] Ringe [\/vc_column_text][vc_single_image image=&#8220;211&#8243; img_size=&#8220;full&#8220; onclick=&#8220;custom_link&#8220; link=&#8220;http:\/\/www.jd-gabrielli.com\/index.php\/schmuck\/ringe\/&#8220;][\/vc_column][vc_column width=&#8220;1\/3&#8243;][vc_column_text] Herrenschmuck [\/vc_column_text][vc_single_image image=&#8220;214&#8243; img_size=&#8220;full&#8220; onclick=&#8220;custom_link&#8220; link=&#8220;http:\/\/www.jd-gabrielli.com\/index.php\/schmuck\/schluesselanhaenger\/&#8220;][\/vc_column][\/vc_row][vc_row css=&#8220;.vc_custom_1506605291236{margin: 3em !important;}&#8220;][vc_column][vc_column_text] UNIKATE [\/vc_column_text][vc_column_text]Der Markt f\u00fcr moderne und&#8230; <\/p>\n<div class=\"link-more\"><a href=\"https:\/\/www.jd-gabrielli.com\/index.php\/schmuck\/\">Weiterlesen<\/a><\/div>\n","protected":false},"author":1,"featured_media":0,"parent":0,"menu_order":1,"comment_status":"closed","ping_status":"closed","template":"","meta":[],"_links":{"self":[{"href":"https:\/\/www.jd-gabrielli.com\/index.php\/wp-json\/wp\/v2\/pages\/34"}],"collection":[{"href":"https:\/\/www.jd-gabrielli.com\/index.php\/wp-json\/wp\/v2\/pages"}],"about":[{"href":"https:\/\/www.jd-gabrielli.com\/index.php\/wp-json\/wp\/v2\/types\/page"}],"author":[{"embeddable":true,"href":"https:\/\/www.jd-gabrielli.com\/index.php\/wp-json\/wp\/v2\/users\/1"}],"replies":[{"embeddable":true,"href":"https:\/\/www.jd-gabrielli.com\/index.php\/wp-json\/wp\/v2\/comments?post=34"}],"version-history":[{"count":25,"href":"https:\/\/www.jd-gabrielli.com\/index.php\/wp-json\/wp\/v2\/pages\/34\/revisions"}],"predecessor-version":[{"id":473,"href":"https:\/\/www.jd-gabrielli.com\/index.php\/wp-json\/wp\/v2\/pages\/34\/revisions\/473"}],"wp:attachment":[{"href":"https:\/\/www.jd-gabrielli.com\/index.php\/wp-json\/wp\/v2\/media?parent=34"}],"curies":[{"name":"wp","href":"https:\/\/api.w.org\/{rel}","templated":true}]}}